{"id":105985,"date":"2023-09-18T19:34:16","date_gmt":"2023-09-18T17:34:16","guid":{"rendered":"https:\/\/galeriabohema.pl\/?post_type=product&#038;p=105985"},"modified":"2023-11-06T19:55:44","modified_gmt":"2023-11-06T18:55:44","slug":"kinetyka-ukladu-paralelnego-studium-wstepne-osobliwosc-geometrii","status":"publish","type":"product","link":"https:\/\/galeriabohema.pl\/en\/dzielo\/kinetyka-ukladu-paralelnego-studium-wstepne-osobliwosc-geometrii\/","title":{"rendered":"Kinetics of the parallel system &#8211; a preliminary study (singularity of geometry)"},"excerpt":{"rendered":"<p>1999, gouache, pencil, pen, paper, 24 x 33 cm, signed and dated: J. Grabowski Warszawa 1999 rys. II roboczy, and described: Kinetyka uk\u0142adu paralelnego &#8211; studium wst\u0119pne (osobliwo\u015b\u0107 geometrii)<\/p>\n","protected":false},"featured_media":105986,"template":"","meta":{"_relevanssi_hide_post":"","_relevanssi_pin_for_all":"","_relevanssi_pin_keywords":"","_relevanssi_unpin_keywords":"","_relevanssi_related_keywords":"","_relevanssi_related_include_ids":"","_relevanssi_related_exclude_ids":"","_relevanssi_related_no_append":"","_relevanssi_related_not_related":"","_relevanssi_related_posts":"","_relevanssi_noindex_reason":""},"product_cat":[247],"product_tag":[39],"_links":{"self":[{"href":"https:\/\/galeriabohema.pl\/en\/wp-json\/wp\/v2\/product\/105985"}],"collection":[{"href":"https:\/\/galeriabohema.pl\/en\/wp-json\/wp\/v2\/product"}],"about":[{"href":"https:\/\/galeriabohema.pl\/en\/wp-json\/wp\/v2\/types\/product"}],"wp:featuredmedia":[{"embeddable":true,"href":"https:\/\/galeriabohema.pl\/en\/wp-json\/wp\/v2\/media\/105986"}],"wp:attachment":[{"href":"https:\/\/galeriabohema.pl\/en\/wp-json\/wp\/v2\/media?parent=105985"}],"wp:term":[{"taxonomy":"product_cat","embeddable":true,"href":"https:\/\/galeriabohema.pl\/en\/wp-json\/wp\/v2\/product_cat?post=105985"},{"taxonomy":"product_tag","embeddable":true,"href":"https:\/\/galeriabohema.pl\/en\/wp-json\/wp\/v2\/product_tag?post=105985"}],"curies":[{"name":"wp","href":"https:\/\/api.w.org\/{rel}","templated":true}]}}