{"id":125845,"date":"2023-11-06T17:51:59","date_gmt":"2023-11-06T16:51:59","guid":{"rendered":"https:\/\/galeriabohema.pl\/?post_type=product&#038;p=125845"},"modified":"2023-11-06T18:47:51","modified_gmt":"2023-11-06T17:47:51","slug":"30-i-61","status":"publish","type":"product","link":"https:\/\/galeriabohema.pl\/en\/dzielo\/30-i-61\/","title":{"rendered":"30.I.61"},"excerpt":{"rendered":"<p>1961, crayon lithography, paper, 32 x 24.5 cm, signed in pencil under the engraving l.d. &#8220;St. Fija\u0142kowski &#8211; 30.I.61&#8221;, reproduced in: St. Krygier, Stanis\u0142aw Fija\u0142kowski, Painting, graphics, drawing, Warsaw 1990<\/p>\n","protected":false},"featured_media":125846,"template":"","meta":{"_relevanssi_hide_post":"","_relevanssi_pin_for_all":"","_relevanssi_pin_keywords":"","_relevanssi_unpin_keywords":"","_relevanssi_related_keywords":"","_relevanssi_related_include_ids":"","_relevanssi_related_exclude_ids":"","_relevanssi_related_no_append":"","_relevanssi_related_not_related":"","_relevanssi_related_posts":"","_relevanssi_noindex_reason":""},"product_cat":[52],"product_tag":[166],"_links":{"self":[{"href":"https:\/\/galeriabohema.pl\/en\/wp-json\/wp\/v2\/product\/125845"}],"collection":[{"href":"https:\/\/galeriabohema.pl\/en\/wp-json\/wp\/v2\/product"}],"about":[{"href":"https:\/\/galeriabohema.pl\/en\/wp-json\/wp\/v2\/types\/product"}],"wp:featuredmedia":[{"embeddable":true,"href":"https:\/\/galeriabohema.pl\/en\/wp-json\/wp\/v2\/media\/125846"}],"wp:attachment":[{"href":"https:\/\/galeriabohema.pl\/en\/wp-json\/wp\/v2\/media?parent=125845"}],"wp:term":[{"taxonomy":"product_cat","embeddable":true,"href":"https:\/\/galeriabohema.pl\/en\/wp-json\/wp\/v2\/product_cat?post=125845"},{"taxonomy":"product_tag","embeddable":true,"href":"https:\/\/galeriabohema.pl\/en\/wp-json\/wp\/v2\/product_tag?post=125845"}],"curies":[{"name":"wp","href":"https:\/\/api.w.org\/{rel}","templated":true}]}}