{"id":5443,"date":"2019-01-01T00:00:09","date_gmt":"2018-12-31T23:00:09","guid":{"rendered":"http:\/\/192.168.1.104:8888\/?post_type=product&#038;p=5443"},"modified":"2022-10-21T22:48:23","modified_gmt":"2022-10-21T20:48:23","slug":"la-ferte","status":"publish","type":"product","link":"https:\/\/galeriabohema.pl\/en\/dzielo\/la-ferte\/","title":{"rendered":"La Fert\u00e9"},"excerpt":{"rendered":"<p>1970s, ink, marker, paper, 27 x 35 cm, signed l.b.: La Fert\u00e9 Lurczy\u0144ski, on the reverse a stamp from the artist&#8217;s atelier<\/p>\n<p>Provenance: London institutional collection<\/p>\n","protected":false},"featured_media":5444,"template":"","meta":{"_relevanssi_hide_post":"","_relevanssi_pin_for_all":"","_relevanssi_pin_keywords":"","_relevanssi_unpin_keywords":"","_relevanssi_related_keywords":"","_relevanssi_related_include_ids":"","_relevanssi_related_exclude_ids":"","_relevanssi_related_no_append":"","_relevanssi_related_not_related":"","_relevanssi_related_posts":"","_relevanssi_noindex_reason":""},"product_cat":[247],"product_tag":[333],"_links":{"self":[{"href":"https:\/\/galeriabohema.pl\/en\/wp-json\/wp\/v2\/product\/5443"}],"collection":[{"href":"https:\/\/galeriabohema.pl\/en\/wp-json\/wp\/v2\/product"}],"about":[{"href":"https:\/\/galeriabohema.pl\/en\/wp-json\/wp\/v2\/types\/product"}],"wp:featuredmedia":[{"embeddable":true,"href":"https:\/\/galeriabohema.pl\/en\/wp-json\/wp\/v2\/media\/5444"}],"wp:attachment":[{"href":"https:\/\/galeriabohema.pl\/en\/wp-json\/wp\/v2\/media?parent=5443"}],"wp:term":[{"taxonomy":"product_cat","embeddable":true,"href":"https:\/\/galeriabohema.pl\/en\/wp-json\/wp\/v2\/product_cat?post=5443"},{"taxonomy":"product_tag","embeddable":true,"href":"https:\/\/galeriabohema.pl\/en\/wp-json\/wp\/v2\/product_tag?post=5443"}],"curies":[{"name":"wp","href":"https:\/\/api.w.org\/{rel}","templated":true}]}}